{"id":2566,"date":"2019-01-15T11:58:44","date_gmt":"2019-01-15T10:58:44","guid":{"rendered":"http:\/\/razovavlna.cz\/index.php\/onetone-team\/"},"modified":"2019-08-27T07:06:39","modified_gmt":"2019-08-27T05:06:39","slug":"kontakt","status":"publish","type":"page","link":"http:\/\/tdoservices.cz\/index.php\/kontakt\/","title":{"rendered":"Kontakt"},"content":{"rendered":"\t\t<div data-elementor-type=\"wp-post\" data-elementor-id=\"2566\" class=\"elementor elementor-2566\">\n\t\t\t\t\t\t\t\t\t<section class=\"elementor-section elementor-top-section elementor-element elementor-element-272a87f9 elementor-section-height-min-height elementor-section-items-top elementor-section-boxed elementor-section-height-default\" data-id=\"272a87f9\" data-element_type=\"section\" id=\"home\" data-settings=\"{&quot;background_background&quot;:&quot;classic&quot;}\">\n\t\t\t\t\t\t\t<div class=\"elementor-background-overlay\"><\/div>\n\t\t\t\t\t\t\t<div class=\"elementor-container elementor-column-gap-extended\">\n\t\t\t\t\t<div class=\"elementor-column elementor-col-100 elementor-top-column elementor-element elementor-element-d9ce3f0\" data-id=\"d9ce3f0\" data-element_type=\"column\">\n\t\t\t<div class=\"elementor-widget-wrap\">\n\t\t\t\t\t\t\t\t\t<\/div>\n\t\t<\/div>\n\t\t\t\t\t\t\t<\/div>\n\t\t<\/section>\n\t\t\t\t<section class=\"elementor-section elementor-top-section elementor-element elementor-element-3bad402 elementor-section-boxed elementor-section-height-default elementor-section-height-default\" data-id=\"3bad402\" data-element_type=\"section\">\n\t\t\t\t\t\t<div class=\"elementor-container elementor-column-gap-default\">\n\t\t\t\t\t<div class=\"elementor-column elementor-col-100 elementor-top-column elementor-element elementor-element-2edee67\" data-id=\"2edee67\" data-element_type=\"column\">\n\t\t\t<div class=\"elementor-widget-wrap\">\n\t\t\t\t\t\t\t\t\t<\/div>\n\t\t<\/div>\n\t\t\t\t\t\t\t<\/div>\n\t\t<\/section>\n\t\t\t\t<section class=\"elementor-section elementor-top-section elementor-element elementor-element-6d52414 elementor-section-boxed elementor-section-height-default elementor-section-height-default\" data-id=\"6d52414\" data-element_type=\"section\">\n\t\t\t\t\t\t<div class=\"elementor-container elementor-column-gap-default\">\n\t\t\t\t\t<div class=\"elementor-column elementor-col-100 elementor-top-column elementor-element elementor-element-6f0e6eb\" data-id=\"6f0e6eb\" data-element_type=\"column\">\n\t\t\t<div class=\"elementor-widget-wrap elementor-element-populated\">\n\t\t\t\t\t\t\t\t<div class=\"elementor-element elementor-element-8a716b1 elementor-widget elementor-widget-heading\" data-id=\"8a716b1\" data-element_type=\"widget\" data-widget_type=\"heading.default\">\n\t\t\t\t<div class=\"elementor-widget-container\">\n\t\t\t<h1 class=\"elementor-heading-title elementor-size-default\">Kontakt<\/h1>\t\t<\/div>\n\t\t\t\t<\/div>\n\t\t\t\t<div class=\"elementor-element elementor-element-59ced59 elementor-widget elementor-widget-text-editor\" data-id=\"59ced59\" data-element_type=\"widget\" data-widget_type=\"text-editor.default\">\n\t\t\t\t<div class=\"elementor-widget-container\">\n\t\t\t\t\t\t\t<p><strong>Pot\u0159ebujete poradit s n\u011bjak\u00fdm konkr\u00e9tn\u00edm \u00fakolem ve va\u0161\u00ed firm\u011b\/spole\u010dnosti?<\/strong><\/p><p>Jsme soukrom\u00e1 spole\u010dnost TDO Services s.r.o. se s\u00eddlem v Praze, ale spolupracujeme s majiteli firem i podnikateli v cel\u00e9 \u010cesk\u00e9 republice i v zahrani\u010d\u00ed.<br \/><strong>Nev\u00e1hejte n\u00e1s kontaktovat, r\u00e1di pom\u016f\u017eeme i V\u00e1m!<\/strong><\/p>\t\t\t\t\t\t<\/div>\n\t\t\t\t<\/div>\n\t\t\t\t<div class=\"elementor-element elementor-element-e20558f elementor-align-left elementor-icon-list--layout-traditional elementor-list-item-link-full_width elementor-widget elementor-widget-icon-list\" data-id=\"e20558f\" data-element_type=\"widget\" data-widget_type=\"icon-list.default\">\n\t\t\t\t<div class=\"elementor-widget-container\">\n\t\t\t\t\t<ul class=\"elementor-icon-list-items\">\n\t\t\t\t\t\t\t<li class=\"elementor-icon-list-item\">\n\t\t\t\t\t\t\t\t\t\t\t<span class=\"elementor-icon-list-icon\">\n\t\t\t\t\t\t\t\t\t\t\t\t\t\t\t\t<i class=\"fa fa-envelope\" aria-hidden=\"true\"><\/i>\n\t\t\t\t\t\t\t\t\t\t\t\t\t<\/span>\n\t\t\t\t\t\t\t\t\t\t<span class=\"elementor-icon-list-text\">contact@tdoservices.cz<\/span>\n\t\t\t\t\t\t\t\t\t<\/li>\n\t\t\t\t\t\t<\/ul>\n\t\t\t\t<\/div>\n\t\t\t\t<\/div>\n\t\t\t\t<div class=\"elementor-element elementor-element-be8a4cb elementor-widget elementor-widget-heading\" data-id=\"be8a4cb\" data-element_type=\"widget\" data-widget_type=\"heading.default\">\n\t\t\t\t<div class=\"elementor-widget-container\">\n\t\t\t<h2 class=\"elementor-heading-title elementor-size-default\">TDO Services<\/h2>\t\t<\/div>\n\t\t\t\t<\/div>\n\t\t\t\t<div class=\"elementor-element elementor-element-beeeb22 elementor-widget elementor-widget-text-editor\" data-id=\"beeeb22\" data-element_type=\"widget\" data-widget_type=\"text-editor.default\">\n\t\t\t\t<div class=\"elementor-widget-container\">\n\t\t\t\t\t\t\t<p>Zaps\u00e1n v Obchodn\u00edm rejst\u0159\u00edku firem u M\u011bstsk\u00e9ho soudu v Praze, sekce C, vlo\u017eka 37187<\/p>\t\t\t\t\t\t<\/div>\n\t\t\t\t<\/div>\n\t\t\t\t<div class=\"elementor-element elementor-element-cae79a6 elementor-icon-list--layout-traditional elementor-list-item-link-full_width elementor-widget elementor-widget-icon-list\" data-id=\"cae79a6\" data-element_type=\"widget\" data-widget_type=\"icon-list.default\">\n\t\t\t\t<div class=\"elementor-widget-container\">\n\t\t\t\t\t<ul class=\"elementor-icon-list-items\">\n\t\t\t\t\t\t\t<li class=\"elementor-icon-list-item\">\n\t\t\t\t\t\t\t\t\t\t\t<span class=\"elementor-icon-list-icon\">\n\t\t\t\t\t\t\t\t\t\t\t\t\t\t\t\t<i class=\"fa fa-chevron-right\" aria-hidden=\"true\"><\/i>\n\t\t\t\t\t\t\t\t\t\t\t\t\t<\/span>\n\t\t\t\t\t\t\t\t\t\t<span class=\"elementor-icon-list-text\">I\u010cO: 63676966<\/span>\n\t\t\t\t\t\t\t\t\t<\/li>\n\t\t\t\t\t\t\t\t<li class=\"elementor-icon-list-item\">\n\t\t\t\t\t\t\t\t\t\t\t<span class=\"elementor-icon-list-icon\">\n\t\t\t\t\t\t\t\t\t\t\t\t\t\t\t\t<i class=\"fa fa-chevron-right\" aria-hidden=\"true\"><\/i>\n\t\t\t\t\t\t\t\t\t\t\t\t\t<\/span>\n\t\t\t\t\t\t\t\t\t\t<span class=\"elementor-icon-list-text\">DI\u010c: CZ 63676966<\/span>\n\t\t\t\t\t\t\t\t\t<\/li>\n\t\t\t\t\t\t<\/ul>\n\t\t\t\t<\/div>\n\t\t\t\t<\/div>\n\t\t\t\t\t<\/div>\n\t\t<\/div>\n\t\t\t\t\t\t\t<\/div>\n\t\t<\/section>\n\t\t\t\t\t\t\t<\/div>\n\t\t","protected":false},"excerpt":{"rendered":"<p>Kontakt Pot\u0159ebujete poradit s n\u011bjak\u00fdm konkr\u00e9tn\u00edm \u00fakolem ve va\u0161\u00ed firm\u011b\/spole\u010dnosti? Jsme soukrom\u00e1 spole\u010dnost TDO Services s.r.o. se s\u00eddlem v Praze, ale spolupracujeme s majiteli firem i podnikateli v cel\u00e9 \u010cesk\u00e9 republice i v zahrani\u010d\u00ed.Nev\u00e1hejte n\u00e1s kontaktovat, r\u00e1di pom\u016f\u017eeme i V\u00e1m! contact@tdoservices.cz TDO Services Zaps\u00e1n v Obchodn\u00edm rejst\u0159\u00edku firem u M\u011bstsk\u00e9ho soudu v Praze, sekce C, [&hellip;]<\/p>\n","protected":false},"author":1,"featured_media":0,"parent":0,"menu_order":0,"comment_status":"closed","ping_status":"closed","template":"elementor_header_footer","meta":{"footnotes":""},"class_list":["post-2566","page","type-page","status-publish","hentry"],"yoast_head":"<!-- This site is optimized with the Yoast SEO plugin v21.7 - https:\/\/yoast.com\/wordpress\/plugins\/seo\/ -->\n<title>Kontakt - TDOServices.cz<\/title>\n<meta name=\"description\" content=\"Jsme soukrom\u00e1 spole\u010dnost TDO Services s.r.o. se s\u00eddlem v Praze, ale spolupracujeme s majiteli firem i podnikateli v cel\u00e9 \u010cesk\u00e9 republice i v zahrani\u010d\u00ed.Nev\u00e1hejte n\u00e1s kontaktovat, r\u00e1di V\u00e1m pom\u016f\u017eeme.\" \/>\n<meta name=\"robots\" content=\"index, follow, max-snippet:-1, max-image-preview:large, max-video-preview:-1\" \/>\n<link rel=\"canonical\" href=\"http:\/\/tdoservices.cz\/index.php\/kontakt\/\" \/>\n<meta property=\"og:locale\" content=\"cs_CZ\" \/>\n<meta property=\"og:type\" content=\"article\" \/>\n<meta property=\"og:title\" content=\"Kontakt - TDOServices.cz\" \/>\n<meta property=\"og:description\" content=\"Jsme soukrom\u00e1 spole\u010dnost TDO Services s.r.o. se s\u00eddlem v Praze, ale spolupracujeme s majiteli firem i podnikateli v cel\u00e9 \u010cesk\u00e9 republice i v zahrani\u010d\u00ed.Nev\u00e1hejte n\u00e1s kontaktovat, r\u00e1di V\u00e1m pom\u016f\u017eeme.\" \/>\n<meta property=\"og:url\" content=\"http:\/\/tdoservices.cz\/index.php\/kontakt\/\" \/>\n<meta property=\"og:site_name\" content=\"TDOServices.cz\" \/>\n<meta property=\"article:modified_time\" content=\"2019-08-27T05:06:39+00:00\" \/>\n<meta name=\"twitter:card\" content=\"summary_large_image\" \/>\n<script type=\"application\/ld+json\" class=\"yoast-schema-graph\">{\"@context\":\"https:\/\/schema.org\",\"@graph\":[{\"@type\":\"WebPage\",\"@id\":\"http:\/\/tdoservices.cz\/index.php\/kontakt\/\",\"url\":\"http:\/\/tdoservices.cz\/index.php\/kontakt\/\",\"name\":\"Kontakt - TDOServices.cz\",\"isPartOf\":{\"@id\":\"http:\/\/tdoservices.cz\/#website\"},\"datePublished\":\"2019-01-15T10:58:44+00:00\",\"dateModified\":\"2019-08-27T05:06:39+00:00\",\"description\":\"Jsme soukrom\u00e1 spole\u010dnost TDO Services s.r.o. se s\u00eddlem v Praze, ale spolupracujeme s majiteli firem i podnikateli v cel\u00e9 \u010cesk\u00e9 republice i v zahrani\u010d\u00ed.Nev\u00e1hejte n\u00e1s kontaktovat, r\u00e1di V\u00e1m pom\u016f\u017eeme.\",\"breadcrumb\":{\"@id\":\"http:\/\/tdoservices.cz\/index.php\/kontakt\/#breadcrumb\"},\"inLanguage\":\"cs\",\"potentialAction\":[{\"@type\":\"ReadAction\",\"target\":[\"http:\/\/tdoservices.cz\/index.php\/kontakt\/\"]}]},{\"@type\":\"BreadcrumbList\",\"@id\":\"http:\/\/tdoservices.cz\/index.php\/kontakt\/#breadcrumb\",\"itemListElement\":[{\"@type\":\"ListItem\",\"position\":1,\"name\":\"Dom\u016f\",\"item\":\"http:\/\/tdoservices.cz\/\"},{\"@type\":\"ListItem\",\"position\":2,\"name\":\"Kontakt\"}]},{\"@type\":\"WebSite\",\"@id\":\"http:\/\/tdoservices.cz\/#website\",\"url\":\"http:\/\/tdoservices.cz\/\",\"name\":\"TDOServices.cz\",\"description\":\"TDO - technology, development, operation\",\"publisher\":{\"@id\":\"http:\/\/tdoservices.cz\/#organization\"},\"potentialAction\":[{\"@type\":\"SearchAction\",\"target\":{\"@type\":\"EntryPoint\",\"urlTemplate\":\"http:\/\/tdoservices.cz\/?s={search_term_string}\"},\"query-input\":\"required name=search_term_string\"}],\"inLanguage\":\"cs\"},{\"@type\":\"Organization\",\"@id\":\"http:\/\/tdoservices.cz\/#organization\",\"name\":\"TDO Services\",\"url\":\"http:\/\/tdoservices.cz\/\",\"logo\":{\"@type\":\"ImageObject\",\"inLanguage\":\"cs\",\"@id\":\"http:\/\/tdoservices.cz\/#\/schema\/logo\/image\/\",\"url\":\"https:\/\/tdoservices.cz\/wp-content\/uploads\/2019\/01\/TDOmodra2.png\",\"contentUrl\":\"https:\/\/tdoservices.cz\/wp-content\/uploads\/2019\/01\/TDOmodra2.png\",\"width\":1622,\"height\":341,\"caption\":\"TDO Services\"},\"image\":{\"@id\":\"http:\/\/tdoservices.cz\/#\/schema\/logo\/image\/\"}}]}<\/script>\n<!-- \/ Yoast SEO plugin. -->","yoast_head_json":{"title":"Kontakt - TDOServices.cz","description":"Jsme soukrom\u00e1 spole\u010dnost TDO Services s.r.o. se s\u00eddlem v Praze, ale spolupracujeme s majiteli firem i podnikateli v cel\u00e9 \u010cesk\u00e9 republice i v zahrani\u010d\u00ed.Nev\u00e1hejte n\u00e1s kontaktovat, r\u00e1di V\u00e1m pom\u016f\u017eeme.","robots":{"index":"index","follow":"follow","max-snippet":"max-snippet:-1","max-image-preview":"max-image-preview:large","max-video-preview":"max-video-preview:-1"},"canonical":"http:\/\/tdoservices.cz\/index.php\/kontakt\/","og_locale":"cs_CZ","og_type":"article","og_title":"Kontakt - TDOServices.cz","og_description":"Jsme soukrom\u00e1 spole\u010dnost TDO Services s.r.o. se s\u00eddlem v Praze, ale spolupracujeme s majiteli firem i podnikateli v cel\u00e9 \u010cesk\u00e9 republice i v zahrani\u010d\u00ed.Nev\u00e1hejte n\u00e1s kontaktovat, r\u00e1di V\u00e1m pom\u016f\u017eeme.","og_url":"http:\/\/tdoservices.cz\/index.php\/kontakt\/","og_site_name":"TDOServices.cz","article_modified_time":"2019-08-27T05:06:39+00:00","twitter_card":"summary_large_image","schema":{"@context":"https:\/\/schema.org","@graph":[{"@type":"WebPage","@id":"http:\/\/tdoservices.cz\/index.php\/kontakt\/","url":"http:\/\/tdoservices.cz\/index.php\/kontakt\/","name":"Kontakt - TDOServices.cz","isPartOf":{"@id":"http:\/\/tdoservices.cz\/#website"},"datePublished":"2019-01-15T10:58:44+00:00","dateModified":"2019-08-27T05:06:39+00:00","description":"Jsme soukrom\u00e1 spole\u010dnost TDO Services s.r.o. se s\u00eddlem v Praze, ale spolupracujeme s majiteli firem i podnikateli v cel\u00e9 \u010cesk\u00e9 republice i v zahrani\u010d\u00ed.Nev\u00e1hejte n\u00e1s kontaktovat, r\u00e1di V\u00e1m pom\u016f\u017eeme.","breadcrumb":{"@id":"http:\/\/tdoservices.cz\/index.php\/kontakt\/#breadcrumb"},"inLanguage":"cs","potentialAction":[{"@type":"ReadAction","target":["http:\/\/tdoservices.cz\/index.php\/kontakt\/"]}]},{"@type":"BreadcrumbList","@id":"http:\/\/tdoservices.cz\/index.php\/kontakt\/#breadcrumb","itemListElement":[{"@type":"ListItem","position":1,"name":"Dom\u016f","item":"http:\/\/tdoservices.cz\/"},{"@type":"ListItem","position":2,"name":"Kontakt"}]},{"@type":"WebSite","@id":"http:\/\/tdoservices.cz\/#website","url":"http:\/\/tdoservices.cz\/","name":"TDOServices.cz","description":"TDO - technology, development, operation","publisher":{"@id":"http:\/\/tdoservices.cz\/#organization"},"potentialAction":[{"@type":"SearchAction","target":{"@type":"EntryPoint","urlTemplate":"http:\/\/tdoservices.cz\/?s={search_term_string}"},"query-input":"required name=search_term_string"}],"inLanguage":"cs"},{"@type":"Organization","@id":"http:\/\/tdoservices.cz\/#organization","name":"TDO Services","url":"http:\/\/tdoservices.cz\/","logo":{"@type":"ImageObject","inLanguage":"cs","@id":"http:\/\/tdoservices.cz\/#\/schema\/logo\/image\/","url":"https:\/\/tdoservices.cz\/wp-content\/uploads\/2019\/01\/TDOmodra2.png","contentUrl":"https:\/\/tdoservices.cz\/wp-content\/uploads\/2019\/01\/TDOmodra2.png","width":1622,"height":341,"caption":"TDO Services"},"image":{"@id":"http:\/\/tdoservices.cz\/#\/schema\/logo\/image\/"}}]}},"_links":{"self":[{"href":"http:\/\/tdoservices.cz\/index.php\/wp-json\/wp\/v2\/pages\/2566","targetHints":{"allow":["GET"]}}],"collection":[{"href":"http:\/\/tdoservices.cz\/index.php\/wp-json\/wp\/v2\/pages"}],"about":[{"href":"http:\/\/tdoservices.cz\/index.php\/wp-json\/wp\/v2\/types\/page"}],"author":[{"embeddable":true,"href":"http:\/\/tdoservices.cz\/index.php\/wp-json\/wp\/v2\/users\/1"}],"replies":[{"embeddable":true,"href":"http:\/\/tdoservices.cz\/index.php\/wp-json\/wp\/v2\/comments?post=2566"}],"version-history":[{"count":24,"href":"http:\/\/tdoservices.cz\/index.php\/wp-json\/wp\/v2\/pages\/2566\/revisions"}],"predecessor-version":[{"id":3154,"href":"http:\/\/tdoservices.cz\/index.php\/wp-json\/wp\/v2\/pages\/2566\/revisions\/3154"}],"wp:attachment":[{"href":"http:\/\/tdoservices.cz\/index.php\/wp-json\/wp\/v2\/media?parent=2566"}],"curies":[{"name":"wp","href":"https:\/\/api.w.org\/{rel}","templated":true}]}}